{"id":785,"date":"2023-12-01T07:53:07","date_gmt":"2023-12-01T07:53:07","guid":{"rendered":"https:\/\/eod-controll.hu\/?page_id=785"},"modified":"2024-01-09T10:05:46","modified_gmt":"2024-01-09T10:05:46","slug":"szolgaltatasok","status":"publish","type":"page","link":"https:\/\/eod-controll.hu\/en\/szolgaltatasok\/","title":{"rendered":"Services"},"content":{"rendered":"<p>[et_pb_section fb_built=&#8221;1&#8243; next_background_color=&#8221;#ffffff&#8221; _builder_version=&#8221;4.23.1&#8243; _module_preset=&#8221;default&#8221; background_color=&#8221;#3f3f3f&#8221; background_image=&#8221;https:\/\/eod-controll.hu\/wp-content\/uploads\/2023\/12\/mu\u030bszaki-me\u0301rno\u0308k.jpg&#8221; background_blend=&#8221;overlay&#8221; background_enable_video_mp4=&#8221;off&#8221; custom_padding=&#8221;140px||101px|||&#8221; bottom_divider_style=&#8221;asymmetric3&#8243; bottom_divider_height=&#8221;60px&#8221; animation_style=&#8221;fade&#8221; global_colors_info=&#8221;{}&#8221;][et_pb_row _builder_version=&#8221;4.23.1&#8243; _module_preset=&#8221;default&#8221; global_colors_info=&#8221;{}&#8221;][et_pb_column type=&#8221;4_4&#8243; _builder_version=&#8221;4.23.1&#8243; _module_preset=&#8221;default&#8221; global_colors_info=&#8221;{}&#8221;][et_pb_text _builder_version=&#8221;4.23.1&#8243; _module_preset=&#8221;default&#8221; text_font=&#8221;||||on||||solid&#8221; text_text_color=&#8221;#e4c142&#8243; text_font_size=&#8221;16px&#8221; text_letter_spacing=&#8221;2px&#8221; text_line_height=&#8221;1.8em&#8221; header_3_font=&#8221;|800|||||||&#8221; header_3_text_color=&#8221;#FFFFFF&#8221; header_3_font_size=&#8221;40px&#8221; header_3_font_size_tablet=&#8221;40px&#8221; header_3_font_size_phone=&#8221;29px&#8221; header_3_font_size_last_edited=&#8221;on|phone&#8221; border_color_bottom=&#8221;#f0c232&#8243; global_colors_info=&#8221;{}&#8221;]<\/p>\n<h3 style=\"text-align: center;\">SZOLG\u00c1LTAT\u00c1SOK<\/h3>\n<p>[\/et_pb_text][\/et_pb_column][\/et_pb_row][\/et_pb_section][et_pb_section fb_built=&#8221;1&#8243; _builder_version=&#8221;4.23.1&#8243; _module_preset=&#8221;default&#8221; background_enable_color=&#8221;off&#8221; custom_padding=&#8221;23px||0px|||&#8221; global_colors_info=&#8221;{}&#8221;][et_pb_row column_structure=&#8221;1_4,1_4,1_4,1_4&#8243; _builder_version=&#8221;4.23.1&#8243; _module_preset=&#8221;default&#8221; global_colors_info=&#8221;{}&#8221;][et_pb_column type=&#8221;1_4&#8243; _builder_version=&#8221;4.23.1&#8243; _module_preset=&#8221;default&#8221; global_colors_info=&#8221;{}&#8221;][et_pb_blurb title=&#8221;T\u0171zszer\u00e9szeti hat\u00e1stanulm\u00e1nyok k\u00e9sz\u00edt\u00e9se&#8221; use_icon=&#8221;on&#8221; font_icon=&#8221;&#xf573;||fa||900&#8243; icon_color=&#8221;#f0c232&#8243; image_icon_width=&#8221;45px&#8221; _builder_version=&#8221;4.23.1&#8243; _module_preset=&#8221;default&#8221; header_text_align=&#8221;center&#8221; global_colors_info=&#8221;{}&#8221;][\/et_pb_blurb][et_pb_button button_url=&#8221;#tuzszereszeti&#8221; button_text=&#8221;B\u0150VEBBEN&#8221; button_alignment=&#8221;center&#8221; _builder_version=&#8221;4.23.1&#8243; _module_preset=&#8221;default&#8221; custom_button=&#8221;on&#8221; button_text_color=&#8221;#000000&#8243; button_bg_color=&#8221;#f0c232&#8243; button_border_color=&#8221;#f0c232&#8243; button_border_radius=&#8221;0px&#8221; button_icon=&#8221;&#x24;||divi||400&#8243; animation_style=&#8221;slide&#8221; box_shadow_style=&#8221;preset1&#8243; global_colors_info=&#8221;{}&#8221; button_bg_color__hover_enabled=&#8221;on|hover&#8221; button_bg_color__hover=&#8221;#f8e93e&#8221;][\/et_pb_button][\/et_pb_column][et_pb_column type=&#8221;1_4&#8243; _builder_version=&#8221;4.23.1&#8243; _module_preset=&#8221;default&#8221; global_colors_info=&#8221;{}&#8221;][et_pb_blurb title=&#8221;Robban\u00f3szerkezet-mentes\u00edt\u00e9si tervek k\u00e9sz\u00edt\u00e9se&#8221; use_icon=&#8221;on&#8221; font_icon=&#8221;&#xf568;||fa||900&#8243; icon_color=&#8221;#f0c232&#8243; image_icon_width=&#8221;45px&#8221; _builder_version=&#8221;4.23.1&#8243; _module_preset=&#8221;default&#8221; header_text_align=&#8221;center&#8221; global_colors_info=&#8221;{}&#8221;][\/et_pb_blurb][et_pb_button button_url=&#8221;#robbanoszerkezet&#8221; button_text=&#8221;B\u0150VEBBEN&#8221; button_alignment=&#8221;center&#8221; _builder_version=&#8221;4.23.1&#8243; _module_preset=&#8221;default&#8221; custom_button=&#8221;on&#8221; button_text_color=&#8221;#000000&#8243; button_bg_color=&#8221;#f0c232&#8243; button_border_color=&#8221;#f0c232&#8243; button_border_radius=&#8221;0px&#8221; button_icon=&#8221;&#x24;||divi||400&#8243; animation_style=&#8221;slide&#8221; box_shadow_style=&#8221;preset1&#8243; global_colors_info=&#8221;{}&#8221; button_bg_color__hover_enabled=&#8221;on|hover&#8221; button_bg_color__hover=&#8221;#f8e93e&#8221;][\/et_pb_button][\/et_pb_column][et_pb_column type=&#8221;1_4&#8243; _builder_version=&#8221;4.23.1&#8243; _module_preset=&#8221;default&#8221; global_colors_info=&#8221;{}&#8221;][et_pb_blurb title=&#8221;H\u00e1romdimenzi\u00f3s terepmodellek k\u00e9sz\u00edt\u00e9se&#8221; use_icon=&#8221;on&#8221; font_icon=&#8221;&#xf1b3;||fa||900&#8243; icon_color=&#8221;#f0c232&#8243; image_icon_width=&#8221;45px&#8221; _builder_version=&#8221;4.23.1&#8243; _module_preset=&#8221;default&#8221; header_text_align=&#8221;center&#8221; custom_margin=&#8221;||40px|||&#8221; global_colors_info=&#8221;{}&#8221;][\/et_pb_blurb][et_pb_button button_url=&#8221;#terepmodellek&#8221; button_text=&#8221;B\u0150VEBBEN&#8221; button_alignment=&#8221;center&#8221; _builder_version=&#8221;4.23.1&#8243; _module_preset=&#8221;default&#8221; custom_button=&#8221;on&#8221; button_text_color=&#8221;#000000&#8243; button_bg_color=&#8221;#f0c232&#8243; button_border_color=&#8221;#f0c232&#8243; button_border_radius=&#8221;0px&#8221; button_icon=&#8221;&#x24;||divi||400&#8243; animation_style=&#8221;slide&#8221; box_shadow_style=&#8221;preset1&#8243; global_colors_info=&#8221;{}&#8221; button_bg_color__hover_enabled=&#8221;on|desktop&#8221; button_bg_color__hover=&#8221;#f8e93e&#8221;][\/et_pb_button][\/et_pb_column][et_pb_column type=&#8221;1_4&#8243; _builder_version=&#8221;4.23.1&#8243; _module_preset=&#8221;default&#8221; global_colors_info=&#8221;{}&#8221;][et_pb_blurb title=&#8221;Robban\u00f3szerkezet-mentes\u00edt\u00e9si munk\u00e1k m\u0171szaki ellen\u0151rz\u00e9se&#8221; use_icon=&#8221;on&#8221; font_icon=&#8221;&#xf807;||fa||900&#8243; icon_color=&#8221;#f0c232&#8243; image_icon_width=&#8221;45px&#8221; _builder_version=&#8221;4.23.1&#8243; _module_preset=&#8221;default&#8221; header_text_align=&#8221;center&#8221; global_colors_info=&#8221;{}&#8221;][\/et_pb_blurb][et_pb_button button_url=&#8221;#muszakiellenorzes&#8221; button_text=&#8221;B\u0150VEBBEN&#8221; button_alignment=&#8221;center&#8221; _builder_version=&#8221;4.23.1&#8243; _module_preset=&#8221;default&#8221; custom_button=&#8221;on&#8221; button_text_color=&#8221;#000000&#8243; button_bg_color=&#8221;#f0c232&#8243; button_border_color=&#8221;#f0c232&#8243; button_border_radius=&#8221;0px&#8221; button_icon=&#8221;&#x24;||divi||400&#8243; animation_style=&#8221;slide&#8221; box_shadow_style=&#8221;preset1&#8243; global_colors_info=&#8221;{}&#8221; button_bg_color__hover_enabled=&#8221;on|hover&#8221; button_bg_color__hover=&#8221;#f8e93e&#8221;][\/et_pb_button][\/et_pb_column][\/et_pb_row][\/et_pb_section][et_pb_section fb_built=&#8221;1&#8243; _builder_version=&#8221;4.23.1&#8243; _module_preset=&#8221;default&#8221; background_color=&#8221;#eaeaea&#8221; custom_padding=&#8221;25px|||||&#8221; global_colors_info=&#8221;{}&#8221;][et_pb_row _builder_version=&#8221;4.23.1&#8243; _module_preset=&#8221;default&#8221; custom_padding=&#8221;14px|||||&#8221; global_colors_info=&#8221;{}&#8221;][et_pb_column type=&#8221;4_4&#8243; _builder_version=&#8221;4.23.1&#8243; _module_preset=&#8221;default&#8221; global_colors_info=&#8221;{}&#8221;][et_pb_text module_id=&#8221;tuzszereszeti&#8221; _builder_version=&#8221;4.23.1&#8243; _module_preset=&#8221;default&#8221; text_font=&#8221;||||||||&#8221; text_font_size=&#8221;16px&#8221; text_letter_spacing=&#8221;2px&#8221; text_line_height=&#8221;1.8em&#8221; header_3_font=&#8221;|600|||||||&#8221; header_3_text_color=&#8221;#424242&#8243; header_3_font_size=&#8221;20px&#8221; custom_margin=&#8221;||-11px|||&#8221; animation_style=&#8221;flip&#8221; global_colors_info=&#8221;{}&#8221;]<\/p>\n<h2 style=\"text-align: center;\"><strong>T\u0171zszer\u00e9szeti hat\u00e1stanulm\u00e1nyok k\u00e9sz\u00edt\u00e9se<\/strong><\/h2>\n<p>[\/et_pb_text][\/et_pb_column][\/et_pb_row][et_pb_row column_structure=&#8221;2_5,3_5&#8243; _builder_version=&#8221;4.23.1&#8243; _module_preset=&#8221;default&#8221; custom_padding=&#8221;4px|||||&#8221; animation_style=&#8221;fade&#8221; global_colors_info=&#8221;{}&#8221;][et_pb_column type=&#8221;2_5&#8243; _builder_version=&#8221;4.23.1&#8243; _module_preset=&#8221;default&#8221; global_colors_info=&#8221;{}&#8221;][et_pb_image src=&#8221;https:\/\/eod-controll.hu\/wp-content\/uploads\/2023\/12\/img-1.jpg&#8221; title_text=&#8221;img-1&#8243; align=&#8221;center&#8221; _builder_version=&#8221;4.23.1&#8243; _module_preset=&#8221;default&#8221; custom_margin=&#8221;2px||45px|||&#8221; global_colors_info=&#8221;{}&#8221;][\/et_pb_image][\/et_pb_column][et_pb_column type=&#8221;3_5&#8243; _builder_version=&#8221;4.23.1&#8243; _module_preset=&#8221;default&#8221; global_colors_info=&#8221;{}&#8221;][et_pb_text _builder_version=&#8221;4.23.1&#8243; _module_preset=&#8221;default&#8221; text_font=&#8221;||||||||&#8221; text_font_size=&#8221;16px&#8221; text_letter_spacing=&#8221;2px&#8221; text_line_height=&#8221;1.8em&#8221; global_colors_info=&#8221;{}&#8221;]<\/p>\n<p style=\"text-align: justify;\">Olyan technol\u00f3giai folyamatok \u00f6sszess\u00e9ge, amelyekkel pontosan meghat\u00e1rozhat\u00f3k az egyes beruh\u00e1z\u00e1si c\u00e9lter\u00fcletek robban\u00f3szerkezetekkel val\u00f3 szennyezetts\u00e9ge, mely alapj\u00e1n elv\u00e9gezhet\u0151 a mentes\u00edt\u00e9st ig\u00e9nyl\u0151 \u00e9s\/vagy nem ig\u00e9nyl\u0151 ter\u00fcletek lehat\u00e1rol\u00e1sa. Tov\u00e1bb\u00e1 meg\u00e1llap\u00edthat\u00f3 az elv\u00e9gzend\u0151 t\u0171zszer\u00e9szeti munk\u00e1k m\u0171szaki tartalma, az elv\u00e1rt m\u00f3dszerek, az el\u0151\u00edrand\u00f3 m\u0171szaki felt\u00e9telek \u00e9s szabv\u00e1nyok, valamint meghat\u00e1rozhat\u00f3 a szakfeladatok pontos k\u00f6lts\u00e9g- \u00e9s id\u0151ig\u00e9nye. A t\u0171zszer\u00e9szeti hat\u00e1stanulm\u00e1nyok \u2013 az \u00f6r\u00f6ks\u00e9gv\u00e9delmi hat\u00e1stanulm\u00e1nyokhoz hasonl\u00f3an &#8211; a k\u00fcl\u00f6nb\u00f6z\u0151 \u00e9p\u00edt\u00e9si beruh\u00e1z\u00e1sok r\u00e9szletes megval\u00f3s\u00edthat\u00f3s\u00e1gi dokument\u00e1ci\u00f3j\u00e1nak szerves r\u00e9sz\u00e9t k\u00e9pezik.<\/p>\n<p>[\/et_pb_text][et_pb_button button_url=&#8221;https:\/\/eod-controll.hu\/kapcsolat&#8221; button_text=&#8221;AJ\u00c1NLATK\u00c9R\u00c9S&#8221; button_alignment=&#8221;center&#8221; _builder_version=&#8221;4.23.1&#8243; _module_preset=&#8221;default&#8221; custom_button=&#8221;on&#8221; button_text_color=&#8221;#000000&#8243; button_bg_color=&#8221;#f0c232&#8243; button_border_color=&#8221;#f0c232&#8243; button_border_radius=&#8221;0px&#8221; button_icon=&#8221;&#x24;||divi||400&#8243; animation_style=&#8221;slide&#8221; box_shadow_style=&#8221;preset1&#8243; global_colors_info=&#8221;{}&#8221; button_bg_color__hover_enabled=&#8221;on|hover&#8221; button_bg_color__hover=&#8221;#f8e93e&#8221;][\/et_pb_button][\/et_pb_column][\/et_pb_row][\/et_pb_section][et_pb_section fb_built=&#8221;1&#8243; _builder_version=&#8221;4.23.1&#8243; _module_preset=&#8221;default&#8221; background_enable_color=&#8221;off&#8221; custom_padding=&#8221;25px|||||&#8221; global_colors_info=&#8221;{}&#8221;][et_pb_row _builder_version=&#8221;4.23.1&#8243; _module_preset=&#8221;default&#8221; custom_padding=&#8221;14px|||||&#8221; global_colors_info=&#8221;{}&#8221;][et_pb_column type=&#8221;4_4&#8243; _builder_version=&#8221;4.23.1&#8243; _module_preset=&#8221;default&#8221; global_colors_info=&#8221;{}&#8221;][et_pb_text module_id=&#8221;robbanoszerkezet&#8221; _builder_version=&#8221;4.23.1&#8243; _module_preset=&#8221;default&#8221; text_font=&#8221;||||||||&#8221; text_font_size=&#8221;16px&#8221; text_letter_spacing=&#8221;2px&#8221; text_line_height=&#8221;1.8em&#8221; header_3_font=&#8221;|600|||||||&#8221; header_3_text_color=&#8221;#424242&#8243; header_3_font_size=&#8221;20px&#8221; custom_margin=&#8221;||-11px|||&#8221; animation_style=&#8221;flip&#8221; global_colors_info=&#8221;{}&#8221;]<\/p>\n<h2 style=\"text-align: center;\"><strong>Robban\u00f3szerkezet-mentes\u00edt\u00e9si tervek k\u00e9sz\u00edt\u00e9se<\/strong><\/h2>\n<p>[\/et_pb_text][\/et_pb_column][\/et_pb_row][et_pb_row column_structure=&#8221;2_5,3_5&#8243; _builder_version=&#8221;4.23.1&#8243; _module_preset=&#8221;default&#8221; custom_padding=&#8221;4px|||||&#8221; animation_style=&#8221;fade&#8221; global_colors_info=&#8221;{}&#8221;][et_pb_column type=&#8221;2_5&#8243; _builder_version=&#8221;4.23.1&#8243; _module_preset=&#8221;default&#8221; global_colors_info=&#8221;{}&#8221;][et_pb_image src=&#8221;https:\/\/eod-controll.hu\/wp-content\/uploads\/2023\/12\/img-4.jpg&#8221; title_text=&#8221;img-4&#8243; align=&#8221;center&#8221; _builder_version=&#8221;4.23.1&#8243; _module_preset=&#8221;default&#8221; custom_margin=&#8221;2px||45px|||&#8221; global_colors_info=&#8221;{}&#8221;][\/et_pb_image][\/et_pb_column][et_pb_column type=&#8221;3_5&#8243; _builder_version=&#8221;4.23.1&#8243; _module_preset=&#8221;default&#8221; global_colors_info=&#8221;{}&#8221;][et_pb_text _builder_version=&#8221;4.23.1&#8243; _module_preset=&#8221;default&#8221; text_font=&#8221;||||||||&#8221; text_font_size=&#8221;16px&#8221; text_letter_spacing=&#8221;2px&#8221; text_line_height=&#8221;1.8em&#8221; global_colors_info=&#8221;{}&#8221;]<\/p>\n<p style=\"text-align: justify;\">Azoknak a technol\u00f3giai folyamatoknak az \u00f6sszess\u00e9ge, amelyek a k\u00fcl\u00f6nb\u00f6z\u0151 \u00e9p\u00edt\u00e9si beruh\u00e1z\u00e1sok kivitelez\u00e9si f\u00e1zisaiban az abban a helyzetben indokolt ment\u00e9si szakfeladat konkr\u00e9t megval\u00f3s\u00edt\u00e1s\u00e1ra \u00e9s annak a m\u0171szaki k\u00e9rd\u00e9seire ny\u00fajtanak megold\u00e1st. A ment\u00e9si terveket az \u00e9p\u00edt\u00e9si beruh\u00e1z\u00e1sok kivitelez\u00e9si szakasz\u00e1ban, de a mentes\u00edt\u00e9si feladatok elv\u00e9gz\u00e9se el\u0151tt kell elk\u00e9sz\u00edteni.<\/p>\n<p>[\/et_pb_text][et_pb_button button_url=&#8221;https:\/\/eod-controll.hu\/kapcsolat&#8221; button_text=&#8221;AJ\u00c1NLATK\u00c9R\u00c9S&#8221; button_alignment=&#8221;center&#8221; _builder_version=&#8221;4.23.1&#8243; _module_preset=&#8221;default&#8221; custom_button=&#8221;on&#8221; button_text_color=&#8221;#000000&#8243; button_bg_color=&#8221;#f0c232&#8243; button_border_color=&#8221;#f0c232&#8243; button_border_radius=&#8221;0px&#8221; button_icon=&#8221;&#x24;||divi||400&#8243; animation_style=&#8221;slide&#8221; box_shadow_style=&#8221;preset1&#8243; global_colors_info=&#8221;{}&#8221; button_bg_color__hover_enabled=&#8221;on|hover&#8221; button_bg_color__hover=&#8221;#f8e93e&#8221;][\/et_pb_button][\/et_pb_column][\/et_pb_row][\/et_pb_section][et_pb_section fb_built=&#8221;1&#8243; _builder_version=&#8221;4.23.1&#8243; _module_preset=&#8221;default&#8221; background_color=&#8221;#eaeaea&#8221; custom_padding=&#8221;25px|||||&#8221; global_colors_info=&#8221;{}&#8221;][et_pb_row _builder_version=&#8221;4.23.1&#8243; _module_preset=&#8221;default&#8221; custom_padding=&#8221;14px|||||&#8221; global_colors_info=&#8221;{}&#8221;][et_pb_column type=&#8221;4_4&#8243; _builder_version=&#8221;4.23.1&#8243; _module_preset=&#8221;default&#8221; global_colors_info=&#8221;{}&#8221;][et_pb_text module_id=&#8221;terepmodellek&#8221; _builder_version=&#8221;4.23.1&#8243; _module_preset=&#8221;default&#8221; text_font=&#8221;||||||||&#8221; text_font_size=&#8221;16px&#8221; text_letter_spacing=&#8221;2px&#8221; text_line_height=&#8221;1.8em&#8221; header_3_font=&#8221;|600|||||||&#8221; header_3_text_color=&#8221;#424242&#8243; header_3_font_size=&#8221;20px&#8221; custom_margin=&#8221;||-11px|||&#8221; animation_style=&#8221;flip&#8221; global_colors_info=&#8221;{}&#8221;]<\/p>\n<h2 style=\"text-align: center;\"><strong>H\u00e1romdimenzi\u00f3s terepmodellek k\u00e9sz\u00edt\u00e9se<\/strong><\/h2>\n<p>[\/et_pb_text][\/et_pb_column][\/et_pb_row][et_pb_row column_structure=&#8221;2_5,3_5&#8243; _builder_version=&#8221;4.23.1&#8243; _module_preset=&#8221;default&#8221; custom_padding=&#8221;4px|||||&#8221; animation_style=&#8221;fade&#8221; global_colors_info=&#8221;{}&#8221;][et_pb_column type=&#8221;2_5&#8243; _builder_version=&#8221;4.23.1&#8243; _module_preset=&#8221;default&#8221; global_colors_info=&#8221;{}&#8221;][et_pb_image src=&#8221;https:\/\/eod-controll.hu\/wp-content\/uploads\/2023\/12\/img-3.jpg&#8221; title_text=&#8221;img-3&#8243; align=&#8221;center&#8221; _builder_version=&#8221;4.23.1&#8243; _module_preset=&#8221;default&#8221; custom_margin=&#8221;2px||45px|||&#8221; global_colors_info=&#8221;{}&#8221;][\/et_pb_image][\/et_pb_column][et_pb_column type=&#8221;3_5&#8243; _builder_version=&#8221;4.23.1&#8243; _module_preset=&#8221;default&#8221; global_colors_info=&#8221;{}&#8221;][et_pb_text _builder_version=&#8221;4.23.1&#8243; _module_preset=&#8221;default&#8221; text_font=&#8221;||||||||&#8221; text_font_size=&#8221;16px&#8221; text_letter_spacing=&#8221;2px&#8221; text_line_height=&#8221;1.8em&#8221; global_colors_info=&#8221;{}&#8221;]<\/p>\n<p style=\"text-align: justify;\">A talajban l\u00e9v\u0151 magnetiz\u00e1lhat\u00f3 anyagok (t\u00f6bbnyire vezet\u00e9kek, nagy kiterjed\u00e9s\u0171 t\u00e1rgyak, \u00e9p\u00edtm\u00e9nyek, stb\u2026) pontos felder\u00edt\u00e9s\u00e9hez \u00e9s t\u00e9rinformatikai \u00e1br\u00e1zol\u00e1sukhoz sz\u00fcks\u00e9ges technol\u00f3giai folyamatok kombin\u00e1ci\u00f3ja. A 3D terepmodelleket a k\u00fcl\u00f6nb\u00f6z\u0151 \u00e9p\u00edt\u00e9si beruh\u00e1z\u00e1sokhoz k\u00f6t\u0151d\u0151 f\u00f6ldmunk\u00e1k el\u0151tt kell elk\u00e9sz\u00edteni.<\/p>\n<p>[\/et_pb_text][et_pb_button button_url=&#8221;https:\/\/eod-controll.hu\/kapcsolat&#8221; button_text=&#8221;AJ\u00c1NLATK\u00c9R\u00c9S&#8221; button_alignment=&#8221;center&#8221; _builder_version=&#8221;4.23.1&#8243; _module_preset=&#8221;default&#8221; custom_button=&#8221;on&#8221; button_text_color=&#8221;#000000&#8243; button_bg_color=&#8221;#f0c232&#8243; button_border_color=&#8221;#f0c232&#8243; button_border_radius=&#8221;0px&#8221; button_icon=&#8221;&#x24;||divi||400&#8243; animation_style=&#8221;slide&#8221; box_shadow_style=&#8221;preset1&#8243; global_colors_info=&#8221;{}&#8221; button_bg_color__hover_enabled=&#8221;on|hover&#8221; button_bg_color__hover=&#8221;#f8e93e&#8221;][\/et_pb_button][\/et_pb_column][\/et_pb_row][\/et_pb_section][et_pb_section fb_built=&#8221;1&#8243; _builder_version=&#8221;4.23.1&#8243; _module_preset=&#8221;default&#8221; background_enable_color=&#8221;off&#8221; custom_padding=&#8221;25px|||||&#8221; global_colors_info=&#8221;{}&#8221;][et_pb_row _builder_version=&#8221;4.23.1&#8243; _module_preset=&#8221;default&#8221; custom_padding=&#8221;14px|||||&#8221; global_colors_info=&#8221;{}&#8221;][et_pb_column type=&#8221;4_4&#8243; _builder_version=&#8221;4.23.1&#8243; _module_preset=&#8221;default&#8221; global_colors_info=&#8221;{}&#8221;][et_pb_text module_id=&#8221;muszakiellenorzes&#8221; _builder_version=&#8221;4.23.1&#8243; _module_preset=&#8221;default&#8221; text_font=&#8221;||||||||&#8221; text_font_size=&#8221;16px&#8221; text_letter_spacing=&#8221;2px&#8221; text_line_height=&#8221;1.8em&#8221; header_3_font=&#8221;|600|||||||&#8221; header_3_text_color=&#8221;#424242&#8243; header_3_font_size=&#8221;20px&#8221; custom_margin=&#8221;||-11px|||&#8221; animation_style=&#8221;flip&#8221; global_colors_info=&#8221;{}&#8221;]<\/p>\n<h2 style=\"text-align: center;\"><strong>Robban\u00f3szerkezet-mentes\u00edt\u00e9si munk\u00e1k m\u0171szaki ellen\u0151rz\u00e9se<\/strong><\/h2>\n<p>[\/et_pb_text][\/et_pb_column][\/et_pb_row][et_pb_row column_structure=&#8221;2_5,3_5&#8243; _builder_version=&#8221;4.23.1&#8243; _module_preset=&#8221;default&#8221; custom_padding=&#8221;4px|||||&#8221; animation_style=&#8221;fade&#8221; global_colors_info=&#8221;{}&#8221;][et_pb_column type=&#8221;2_5&#8243; _builder_version=&#8221;4.23.1&#8243; _module_preset=&#8221;default&#8221; global_colors_info=&#8221;{}&#8221;][et_pb_image src=&#8221;https:\/\/eod-controll.hu\/wp-content\/uploads\/2023\/12\/img-2.jpg&#8221; title_text=&#8221;img-2&#8243; align=&#8221;center&#8221; _builder_version=&#8221;4.23.1&#8243; _module_preset=&#8221;default&#8221; custom_margin=&#8221;2px||45px|||&#8221; global_colors_info=&#8221;{}&#8221;][\/et_pb_image][\/et_pb_column][et_pb_column type=&#8221;3_5&#8243; _builder_version=&#8221;4.23.1&#8243; _module_preset=&#8221;default&#8221; global_colors_info=&#8221;{}&#8221;][et_pb_text _builder_version=&#8221;4.23.1&#8243; _module_preset=&#8221;default&#8221; text_font=&#8221;||||||||&#8221; text_font_size=&#8221;16px&#8221; text_letter_spacing=&#8221;2px&#8221; text_line_height=&#8221;1.8em&#8221; global_colors_info=&#8221;{}&#8221;]<\/p>\n<p>Azon technol\u00f3giai m\u0171veletek egy\u00fcttese, amelyek a robban\u00f3szerkezet-mentes\u00edt\u00e9si munkafolyamat professzion\u00e1lis \u00e9s magas sz\u00ednvonal\u00fa m\u0171szaki tartalmon val\u00f3 kivitelez\u00e9s\u00e9re \u00e9s a Megrendel\u0151 \u00e9rdekeinek k\u00e9pviselet\u00e9re adnak \u00e1tfog\u00f3 megold\u00e1st.<\/p>\n<p>&nbsp;<\/p>\n<p>[\/et_pb_text][et_pb_button button_url=&#8221;https:\/\/eod-controll.hu\/kapcsolat&#8221; button_text=&#8221;AJ\u00c1NLATK\u00c9R\u00c9S&#8221; button_alignment=&#8221;center&#8221; _builder_version=&#8221;4.23.1&#8243; _module_preset=&#8221;default&#8221; custom_button=&#8221;on&#8221; button_text_color=&#8221;#000000&#8243; button_bg_color=&#8221;#f0c232&#8243; button_border_color=&#8221;#f0c232&#8243; button_border_radius=&#8221;0px&#8221; button_icon=&#8221;&#x24;||divi||400&#8243; animation_style=&#8221;slide&#8221; box_shadow_style=&#8221;preset1&#8243; global_colors_info=&#8221;{}&#8221; button_bg_color__hover_enabled=&#8221;on|hover&#8221; button_bg_color__hover=&#8221;#f8e93e&#8221;][\/et_pb_button][\/et_pb_column][\/et_pb_row][\/et_pb_section]<\/p>\n","protected":false},"excerpt":{"rendered":"<p>SZOLG\u00c1LTAT\u00c1SOKT\u0171zszer\u00e9szeti hat\u00e1stanulm\u00e1nyok k\u00e9sz\u00edt\u00e9seOlyan technol\u00f3giai folyamatok \u00f6sszess\u00e9ge, amelyekkel pontosan meghat\u00e1rozhat\u00f3k az egyes beruh\u00e1z\u00e1si c\u00e9lter\u00fcletek robban\u00f3szerkezetekkel val\u00f3 szennyezetts\u00e9ge, mely alapj\u00e1n elv\u00e9gezhet\u0151 a mentes\u00edt\u00e9st ig\u00e9nyl\u0151 \u00e9s\/vagy nem ig\u00e9nyl\u0151 ter\u00fcletek lehat\u00e1rol\u00e1sa. Tov\u00e1bb\u00e1 meg\u00e1llap\u00edthat\u00f3 az elv\u00e9gzend\u0151 t\u0171zszer\u00e9szeti munk\u00e1k m\u0171szaki tartalma, az elv\u00e1rt m\u00f3dszerek, az el\u0151\u00edrand\u00f3 m\u0171szaki felt\u00e9telek \u00e9s szabv\u00e1nyok, valamint meghat\u00e1rozhat\u00f3 a szakfeladatok pontos k\u00f6lts\u00e9g- \u00e9s id\u0151ig\u00e9nye. A t\u0171zszer\u00e9szeti hat\u00e1stanulm\u00e1nyok [&hellip;]<\/p>\n","protected":false},"author":3,"featured_media":0,"parent":0,"menu_order":0,"comment_status":"closed","ping_status":"closed","template":"","meta":{"_et_pb_use_builder":"on","_et_pb_old_content":"<!-- wp:divi\/placeholder \/-->","_et_gb_content_width":"","footnotes":""},"class_list":["post-785","page","type-page","status-publish","hentry"],"_links":{"self":[{"href":"https:\/\/eod-controll.hu\/en\/wp-json\/wp\/v2\/pages\/785","targetHints":{"allow":["GET"]}}],"collection":[{"href":"https:\/\/eod-controll.hu\/en\/wp-json\/wp\/v2\/pages"}],"about":[{"href":"https:\/\/eod-controll.hu\/en\/wp-json\/wp\/v2\/types\/page"}],"author":[{"embeddable":true,"href":"https:\/\/eod-controll.hu\/en\/wp-json\/wp\/v2\/users\/3"}],"replies":[{"embeddable":true,"href":"https:\/\/eod-controll.hu\/en\/wp-json\/wp\/v2\/comments?post=785"}],"version-history":[{"count":9,"href":"https:\/\/eod-controll.hu\/en\/wp-json\/wp\/v2\/pages\/785\/revisions"}],"predecessor-version":[{"id":904,"href":"https:\/\/eod-controll.hu\/en\/wp-json\/wp\/v2\/pages\/785\/revisions\/904"}],"wp:attachment":[{"href":"https:\/\/eod-controll.hu\/en\/wp-json\/wp\/v2\/media?parent=785"}],"curies":[{"name":"wp","href":"https:\/\/api.w.org\/{rel}","templated":true}]}}