{"id":833,"date":"2023-12-01T09:06:26","date_gmt":"2023-12-01T09:06:26","guid":{"rendered":"https:\/\/eod-controll.hu\/?page_id=833"},"modified":"2023-12-01T09:07:40","modified_gmt":"2023-12-01T09:07:40","slug":"suti-szabalyzat","status":"publish","type":"page","link":"https:\/\/eod-controll.hu\/en\/suti-szabalyzat\/","title":{"rendered":"\"Cookie\" Policy"},"content":{"rendered":"<p>[et_pb_section fb_built=&#8221;1&#8243; admin_label=&#8221;Why choose us&#8221; _builder_version=&#8221;4.16&#8243; custom_padding=&#8221;50px|||||&#8221; global_colors_info=&#8221;{}&#8221; theme_builder_area=&#8221;post_content&#8221;][et_pb_row _builder_version=&#8221;4.22.2&#8243; _module_preset=&#8221;default&#8221; global_colors_info=&#8221;{}&#8221; theme_builder_area=&#8221;post_content&#8221;][et_pb_column type=&#8221;4_4&#8243; _builder_version=&#8221;4.22.2&#8243; _module_preset=&#8221;default&#8221; global_colors_info=&#8221;{}&#8221; theme_builder_area=&#8221;post_content&#8221;][et_pb_text _builder_version=&#8221;4.23.1&#8243; _module_preset=&#8221;default&#8221; text_font=&#8221;||||||||&#8221; text_font_size=&#8221;16px&#8221; text_letter_spacing=&#8221;2px&#8221; text_line_height=&#8221;1.8em&#8221; header_3_font=&#8221;|600|||||||&#8221; header_3_text_color=&#8221;#424242&#8243; header_3_font_size=&#8221;20px&#8221; animation_style=&#8221;slide&#8221; global_colors_info=&#8221;{}&#8221; theme_builder_area=&#8221;post_content&#8221;]<\/p>\n<h2 class=\"elementor-heading-title elementor-size-default\" style=\"text-align: center;\"><span style=\"color: #000000;\"><strong>&#8222;S\u00fcti&#8221; Szab\u00e1lyzat<\/strong><\/span><\/h2>\n<p>[\/et_pb_text][et_pb_text _builder_version=&#8221;4.23.1&#8243; _module_preset=&#8221;default&#8221; text_font=&#8221;Arial|300|||||||&#8221; header_6_font=&#8221;Arial||||||||&#8221; hover_enabled=&#8221;0&#8243; global_colors_info=&#8221;{}&#8221; theme_builder_area=&#8221;post_content&#8221; sticky_enabled=&#8221;0&#8243;]<\/p>\n<h6>Hat\u00e1lybal\u00e9p\u00e9s d\u00e1tuma: 2023.12.30.<br \/>Legut\u00f3bb friss\u00edtve: 2023.12.30.<\/h6>\n<h6><\/h6>\n<h5>Mik a &#8222;S\u00fctik&#8221; ?<\/h5>\n<div class=\"cookie-policy-p\">\n<p><span>Ez a &#8222;S\u00fcti&#8221; szab\u00e1lyzat elmagyar\u00e1zza, hogy mik azok a &#8222;s\u00fctik&#8221; \u00e9s hogyan haszn\u00e1ljuk \u0151ket, milyen t\u00edpus\u00fa &#8222;s\u00fctiket&#8221; haszn\u00e1lunk, azaz milyen inform\u00e1ci\u00f3kat gy\u0171jt\u00fcnk a &#8222;s\u00fctik&#8221; seg\u00edts\u00e9g\u00e9vel \u00e9s hogyan haszn\u00e1ljuk fel ezeket az inform\u00e1ci\u00f3kat, valamint hogyan kezelheti a &#8222;s\u00fcti&#8221; be\u00e1ll\u00edt\u00e1sokat.<\/span><\/p>\n<p><span>A &#8222;s\u00fcti&#8221; kis sz\u00f6veges f\u00e1jlok, amelyek kis inform\u00e1ci\u00f3k t\u00e1rol\u00e1s\u00e1ra szolg\u00e1lnak. Akkor t\u00e1rol\u00f3dnak az \u00d6n eszk\u00f6z\u00e9n, amikor a weboldal bet\u00f6lt\u0151dik a b\u00f6ng\u00e9sz\u0151j\u00e9be. Ezek a s\u00fctik seg\u00edtenek nek\u00fcnk abban, hogy a weboldal megfelel\u0151en m\u0171k\u00f6dj\u00f6n, biztons\u00e1gosabb\u00e1 tegy\u00fck, jobb felhaszn\u00e1l\u00f3i \u00e9lm\u00e9nyt ny\u00fajtsunk, \u00e9s meg\u00e9rts\u00fck, hogyan m\u0171k\u00f6dik a weboldal, valamint elemezz\u00fck, mi m\u0171k\u00f6dik, \u00e9s hol van sz\u00fcks\u00e9g fejleszt\u00e9sre.<\/span><\/p>\n<\/div>\n<h5>Hogyan haszn\u00e1ljuk a &#8222;S\u00fctiket&#8221; ?<\/h5>\n<div class=\"cookie-policy-p\">\n<p><span>Mint a legt\u00f6bb online szolg\u00e1ltat\u00e1s, weboldalunk is t\u00f6bbf\u00e9le c\u00e9lb\u00f3l haszn\u00e1l els\u0151 \u00e9s harmadik f\u00e9lt\u0151l sz\u00e1rmaz\u00f3 s\u00fctiket. Az els\u0151 f\u00e9lt\u0151l sz\u00e1rmaz\u00f3 s\u00fctik t\u00f6bbnyire a weboldal megfelel\u0151 m\u0171k\u00f6d\u00e9s\u00e9hez sz\u00fcks\u00e9gesek, \u00e9s nem gy\u0171jtenek semmilyen szem\u00e9lyazonos\u00edt\u00e1sra alkalmas adatot.<\/span><\/p>\n<p><span>A weboldalunkon haszn\u00e1lt harmadik f\u00e9lt\u0151l sz\u00e1rmaz\u00f3 s\u00fctik f\u0151k\u00e9nt a weboldal m\u0171k\u00f6d\u00e9s\u00e9nek meg\u00e9rt\u00e9s\u00e9re szolg\u00e1lnak, arra, hogy \u00d6n hogyan l\u00e9p kapcsolatba a weboldalunkkal, szolg\u00e1ltat\u00e1saink biztons\u00e1gban tart\u00e1s\u00e1ra, az \u00d6n sz\u00e1m\u00e1ra relev\u00e1ns hirdet\u00e9sek biztos\u00edt\u00e1s\u00e1ra, \u00e9s \u00f6sszess\u00e9g\u00e9ben jobb \u00e9s jobb felhaszn\u00e1l\u00f3i \u00e9lm\u00e9nyt ny\u00fajtanak \u00d6nnek, \u00e9s seg\u00edtenek felgyors\u00edtani a weboldalunkkal val\u00f3 j\u00f6v\u0151beli interakci\u00f3it.<\/span><\/p>\n<\/div>\n<p>&nbsp;<\/p>\n<h5>&#8222;S\u00fctik&#8221; amiket haszn\u00e1lunk<\/h5>\n<h5 style=\"margin-bottom: 20px;\">S\u00fctik be\u00e1ll\u00edt\u00e1sainak kezel\u00e9se<\/h5>\n<p><a class=\"cky-banner-element\">&#8222;S\u00fcti&#8221; Be\u00e1ll\u00edt\u00e1sok<\/a><\/p>\n<div>\n<p>A fenti gombra kattintva b\u00e1rmikor megv\u00e1ltoztathatja a s\u00fctikre vonatkoz\u00f3 be\u00e1ll\u00edt\u00e1sait. Ez lehet\u0151v\u00e9 teszi, hogy \u00fajra megn\u00e9zze a cookie-hozz\u00e1j\u00e1rul\u00e1s bannert, \u00e9s megv\u00e1ltoztassa a preferenci\u00e1it, vagy azonnal visszavonja a hozz\u00e1j\u00e1rul\u00e1s\u00e1t.<\/p>\n<p>Ezen k\u00edv\u00fcl a k\u00fcl\u00f6nb\u00f6z\u0151 b\u00f6ng\u00e9sz\u0151k k\u00fcl\u00f6nb\u00f6z\u0151 m\u00f3dszereket biztos\u00edtanak a weboldalak \u00e1ltal haszn\u00e1lt cookie-k blokkol\u00e1s\u00e1ra \u00e9s t\u00f6rl\u00e9s\u00e9re. A cookie-k blokkol\u00e1sa\/t\u00f6rl\u00e9se \u00e9rdek\u00e9ben m\u00f3dos\u00edthatja b\u00f6ng\u00e9sz\u0151je be\u00e1ll\u00edt\u00e1sait. Az al\u00e1bbiakban a f\u0151bb webb\u00f6ng\u00e9sz\u0151k cookie-k kezel\u00e9s\u00e9re \u00e9s t\u00f6rl\u00e9s\u00e9re vonatkoz\u00f3 t\u00e1mogat\u00f3 dokumentumok linkjei tal\u00e1lhat\u00f3k.<\/p>\n<p>Chrome: <a target=\"_blank\" rel=\"noopener noreferrer\" href=\"https:\/\/support.google.com\/accounts\/answer\/32050\">https:\/\/support.google.com\/accounts\/answer\/32050<\/a><\/p>\n<p>Safari: <a target=\"_blank\" rel=\"noopener noreferrer\" href=\"https:\/\/support.apple.com\/en-in\/guide\/safari\/sfri11471\/mac\">https:\/\/support.apple.com\/en-in\/guide\/safari\/sfri11471\/mac<\/a><\/p>\n<p>Firefox: <a target=\"_blank\" rel=\"noopener noreferrer\" href=\"https:\/\/support.mozilla.org\/en-US\/kb\/clear-cookies-and-site-data-firefox?redirectslug=delete-cookies-remove-info-websites-stored&amp;redirectlocale=en-US\">https:\/\/support.mozilla.org\/en-US\/kb\/clear-cookies-and-site-data-firefox?redirectslug=delete-cookies-remove-info-websites-stored&amp;redirectlocale=en-US<\/a><\/p>\n<p>Internet Explorer: <a target=\"_blank\" rel=\"noopener noreferrer\" href=\"https:\/\/support.microsoft.com\/en-us\/topic\/how-to-delete-cookie-files-in-internet-explorer-bca9446f-d873-78de-77ba-d42645fa52fc\">https:\/\/support.microsoft.com\/en-us\/topic\/how-to-delete-cookie-files-in-internet-explorer-bca9446f-d873-78de-77ba-d42645fa52fc<\/a><\/p>\n<p>Ha m\u00e1s b\u00f6ng\u00e9sz\u0151t haszn\u00e1l, k\u00e9rj\u00fck, l\u00e1togasson el a b\u00f6ng\u00e9sz\u0151 hivatalos t\u00e1mogat\u00e1si dokumentumaihoz.<\/p>\n<\/div>\n<p>&nbsp;<\/p>\n<p>[\/et_pb_text][\/et_pb_column][\/et_pb_row][\/et_pb_section]<\/p>\n","protected":false},"excerpt":{"rendered":"<p>&#8222;S\u00fcti&#8221; Szab\u00e1lyzatHat\u00e1lybal\u00e9p\u00e9s d\u00e1tuma: 2023.12.30.Legut\u00f3bb friss\u00edtve: 2023.12.30. Mik a &#8222;S\u00fctik&#8221; ? Ez a &#8222;S\u00fcti&#8221; szab\u00e1lyzat elmagyar\u00e1zza, hogy mik azok a &#8222;s\u00fctik&#8221; \u00e9s hogyan haszn\u00e1ljuk \u0151ket, milyen t\u00edpus\u00fa &#8222;s\u00fctiket&#8221; haszn\u00e1lunk, azaz milyen inform\u00e1ci\u00f3kat gy\u0171jt\u00fcnk a &#8222;s\u00fctik&#8221; seg\u00edts\u00e9g\u00e9vel \u00e9s hogyan haszn\u00e1ljuk fel ezeket az inform\u00e1ci\u00f3kat, valamint hogyan kezelheti a &#8222;s\u00fcti&#8221; be\u00e1ll\u00edt\u00e1sokat. A &#8222;s\u00fcti&#8221; kis sz\u00f6veges f\u00e1jlok, amelyek kis [&hellip;]<\/p>\n","protected":false},"author":3,"featured_media":0,"parent":0,"menu_order":0,"comment_status":"closed","ping_status":"closed","template":"","meta":{"_et_pb_use_builder":"on","_et_pb_old_content":"","_et_gb_content_width":"","footnotes":""},"class_list":["post-833","page","type-page","status-publish","hentry"],"_links":{"self":[{"href":"https:\/\/eod-controll.hu\/en\/wp-json\/wp\/v2\/pages\/833","targetHints":{"allow":["GET"]}}],"collection":[{"href":"https:\/\/eod-controll.hu\/en\/wp-json\/wp\/v2\/pages"}],"about":[{"href":"https:\/\/eod-controll.hu\/en\/wp-json\/wp\/v2\/types\/page"}],"author":[{"embeddable":true,"href":"https:\/\/eod-controll.hu\/en\/wp-json\/wp\/v2\/users\/3"}],"replies":[{"embeddable":true,"href":"https:\/\/eod-controll.hu\/en\/wp-json\/wp\/v2\/comments?post=833"}],"version-history":[{"count":3,"href":"https:\/\/eod-controll.hu\/en\/wp-json\/wp\/v2\/pages\/833\/revisions"}],"predecessor-version":[{"id":836,"href":"https:\/\/eod-controll.hu\/en\/wp-json\/wp\/v2\/pages\/833\/revisions\/836"}],"wp:attachment":[{"href":"https:\/\/eod-controll.hu\/en\/wp-json\/wp\/v2\/media?parent=833"}],"curies":[{"name":"wp","href":"https:\/\/api.w.org\/{rel}","templated":true}]}}