{"id":841,"date":"2023-12-01T09:10:54","date_gmt":"2023-12-01T09:10:54","guid":{"rendered":"https:\/\/eod-controll.hu\/?page_id=841"},"modified":"2023-12-01T09:27:10","modified_gmt":"2023-12-01T09:27:10","slug":"adatkezeles","status":"publish","type":"page","link":"https:\/\/eod-controll.hu\/en\/adatkezeles\/","title":{"rendered":"Adatkezel\u00e9s"},"content":{"rendered":"<p>[et_pb_section fb_built=&#8221;1&#8243; admin_label=&#8221;Why choose us&#8221; _builder_version=&#8221;4.16&#8243; custom_padding=&#8221;50px|||||&#8221; global_colors_info=&#8221;{}&#8221; theme_builder_area=&#8221;post_content&#8221;][et_pb_row _builder_version=&#8221;4.22.2&#8243; _module_preset=&#8221;default&#8221; global_colors_info=&#8221;{}&#8221; theme_builder_area=&#8221;post_content&#8221;][et_pb_column type=&#8221;4_4&#8243; _builder_version=&#8221;4.22.2&#8243; _module_preset=&#8221;default&#8221; global_colors_info=&#8221;{}&#8221; theme_builder_area=&#8221;post_content&#8221;][et_pb_text _builder_version=&#8221;4.23.1&#8243; _module_preset=&#8221;default&#8221; text_font=&#8221;||||||||&#8221; text_font_size=&#8221;16px&#8221; text_letter_spacing=&#8221;2px&#8221; text_line_height=&#8221;1.8em&#8221; header_3_font=&#8221;|600|||||||&#8221; header_3_text_color=&#8221;#424242&#8243; header_3_font_size=&#8221;20px&#8221; animation_style=&#8221;slide&#8221; hover_enabled=&#8221;0&#8243; global_colors_info=&#8221;{}&#8221; theme_builder_area=&#8221;post_content&#8221; sticky_enabled=&#8221;0&#8243;]<\/p>\n<h2 class=\"elementor-heading-title elementor-size-default\" style=\"text-align: center;\"><span style=\"color: #000000;\"><strong>Adatkezel\u00e9si Szab\u00e1lyzat<\/strong><\/span><\/h2>\n<p>[\/et_pb_text][et_pb_text _builder_version=&#8221;4.23.1&#8243; _module_preset=&#8221;default&#8221; text_font=&#8221;Arial|300|||||||&#8221; header_6_font=&#8221;Arial||||||||&#8221; hover_enabled=&#8221;0&#8243; global_colors_info=&#8221;{}&#8221; theme_builder_area=&#8221;post_content&#8221; sticky_enabled=&#8221;0&#8243;]<\/p>\n<h6>Hat\u00e1lybal\u00e9p\u00e9s d\u00e1tuma: 2023.12.01.<br \/>Legut\u00f3bb friss\u00edtve: 2023.12.01.<\/h6>\n<p>[\/et_pb_text][et_pb_text _builder_version=&#8221;4.23.1&#8243; _module_preset=&#8221;default&#8221; text_font=&#8221;Arial|300|||||||&#8221; header_6_font=&#8221;Arial||||||||&#8221; hover_enabled=&#8221;0&#8243; global_colors_info=&#8221;{}&#8221; theme_builder_area=&#8221;post_content&#8221; sticky_enabled=&#8221;0&#8243;]<\/p>\n<p>A jelen adatv\u00e9delmi szab\u00e1lyzat az EOD-CONTROLL Kft., 1031 Budapest, N\u00e1n\u00e1si \u00fat 5-7, Budapest 1031, Magyarorsz\u00e1g, e-mail: aimarketeurope@gmail.com, telefon: +36 20 936 1424 az \u00d6n weboldalunk ( https:\/\/eod-controll.hu ) haszn\u00e1lata sor\u00e1n gy\u0171jt\u00f6tt adatainak gy\u0171jt\u00e9s\u00e9re, felhaszn\u00e1l\u00e1s\u00e1ra \u00e9s k\u00f6zz\u00e9t\u00e9tel\u00e9re vonatkoz\u00f3an. (a &#8222;Szolg\u00e1ltat\u00e1s&#8221;). A Szolg\u00e1ltat\u00e1shoz val\u00f3 hozz\u00e1f\u00e9r\u00e9ssel vagy annak haszn\u00e1lat\u00e1val \u00d6n beleegyez\u00e9s\u00e9t adja az \u00d6n adatainak a jelen Adatv\u00e9delmi Szab\u00e1lyzatnak megfelel\u0151 gy\u0171jt\u00e9s\u00e9hez, felhaszn\u00e1l\u00e1s\u00e1hoz \u00e9s k\u00f6zz\u00e9t\u00e9tel\u00e9hez. Ha nem j\u00e1rul hozz\u00e1, k\u00e9rj\u00fck, ne l\u00e9pjen be a Szolg\u00e1ltat\u00e1sba \u00e9s ne haszn\u00e1lja azt.<\/p>\n<p>A jelen Adatv\u00e9delmi szab\u00e1lyzatot b\u00e1rmikor, az \u00d6n el\u0151zetes \u00e9rtes\u00edt\u00e9se n\u00e9lk\u00fcl m\u00f3dos\u00edthatjuk, \u00e9s a m\u00f3dos\u00edtott Adatv\u00e9delmi szab\u00e1lyzatot k\u00f6zz\u00e9tessz\u00fck a Szolg\u00e1ltat\u00e1son. A m\u00f3dos\u00edtott Szab\u00e1lyzat a m\u00f3dos\u00edtott Szab\u00e1lyzatnak a Szolg\u00e1ltat\u00e1sban val\u00f3 k\u00f6zz\u00e9t\u00e9tel\u00e9t\u0151l sz\u00e1m\u00edtott 180 nap eltelt\u00e9vel l\u00e9p hat\u00e1lyba, \u00e9s a Szolg\u00e1ltat\u00e1shoz val\u00f3 tov\u00e1bbi hozz\u00e1f\u00e9r\u00e9se vagy haszn\u00e1lata ezen id\u0151pontot k\u00f6vet\u0151en a m\u00f3dos\u00edtott Adatv\u00e9delmi Szab\u00e1lyzat elfogad\u00e1s\u00e1nak min\u0151s\u00fcl. Ez\u00e9rt javasoljuk, hogy rendszeresen tekintse \u00e1t ezt az oldalt.<\/p>\n<p><strong>AZ \u00d6N JOGAI:<\/strong><br \/>Az alkalmazand\u00f3 t\u00f6rv\u00e9nyekt\u0151l f\u00fcgg\u0151en joga van hozz\u00e1f\u00e9rni szem\u00e9lyes adataihoz, \u00e9s azokat helyesb\u00edteni vagy t\u00f6r\u00f6lni, vagy m\u00e1solatot kapni szem\u00e9lyes adatair\u00f3l, korl\u00e1tozni vagy tiltakozni adatai akt\u00edv feldolgoz\u00e1sa ellen, k\u00e9rheti, hogy szem\u00e9lyes adatait megosszuk (\u00e1tadjuk) egy m\u00e1sik szervezetnek, visszavonhatja az adatai feldolgoz\u00e1s\u00e1hoz adott hozz\u00e1j\u00e1rul\u00e1s\u00e1t, joga van panaszt tenni egy t\u00f6rv\u00e9nyes hat\u00f3s\u00e1gn\u00e1l, valamint az alkalmazand\u00f3 t\u00f6rv\u00e9nyek szerint relev\u00e1ns egy\u00e9b jogok. E jogok gyakorl\u00e1s\u00e1hoz \u00edrjon nek\u00fcnk a iroda@eod.hu c\u00edmre. K\u00e9r\u00e9s\u00e9re az alkalmazand\u00f3 jogszab\u00e1lyoknak megfelel\u0151en fogunk v\u00e1laszolni.<\/p>\n<p>Felh\u00edvjuk figyelm\u00e9t, hogy amennyiben nem enged\u00e9lyezi sz\u00e1munkra a k\u00e9rt szem\u00e9lyes adatok gy\u0171jt\u00e9s\u00e9t vagy feldolgoz\u00e1s\u00e1t, vagy visszavonja a hozz\u00e1j\u00e1rul\u00e1s\u00e1t azok el\u0151\u00edrt c\u00e9l\u00fa feldolgoz\u00e1s\u00e1hoz, el\u0151fordulhat, hogy nem f\u00e9rhet hozz\u00e1 azokhoz a szolg\u00e1ltat\u00e1sokhoz, amelyekhez az \u00d6n adatait k\u00e9rt\u00fck, illetve nem haszn\u00e1lhatja azokat.<\/p>\n<p><strong>S\u00dcTIK<\/strong><br \/>Ha t\u00f6bbet szeretne megtudni arr\u00f3l, hogyan haszn\u00e1ljuk ezeket, \u00e9s milyen v\u00e1laszt\u00e1si lehet\u0151s\u00e9gei vannak ezekkel a nyomk\u00f6vet\u0151 technol\u00f3gi\u00e1kkal kapcsolatban, k\u00e9rj\u00fck, olvassa el a <a href=\"https:\/\/eod-controll.hu\/suti-szabalyzat\/\" target=\"_blank\" rel=\"noopener\">S\u00fcti-szab\u00e1lyzatunkat.<\/a><\/p>\n<p><strong>BIZTONS\u00c1G:<\/strong><br \/>Az \u00d6n adatainak biztons\u00e1ga fontos sz\u00e1munkra, \u00e9s \u00e9sszer\u0171 biztons\u00e1gi int\u00e9zked\u00e9seket alkalmazunk annak \u00e9rdek\u00e9ben, hogy megakad\u00e1lyozzuk az ellen\u0151rz\u00e9s\u00fcnk alatt \u00e1ll\u00f3 adatainak elveszt\u00e9s\u00e9t, vissza\u00e9l\u00e9s\u00e9t vagy jogosulatlan megv\u00e1ltoztat\u00e1s\u00e1t. A velej\u00e1r\u00f3 kock\u00e1zatok miatt azonban nem tudjuk garant\u00e1lni az abszol\u00fat biztons\u00e1got, \u00e9s k\u00f6vetkez\u00e9sk\u00e9ppen nem tudjuk biztos\u00edtani vagy garant\u00e1lni a nek\u00fcnk tov\u00e1bb\u00edtott inform\u00e1ci\u00f3k biztons\u00e1g\u00e1t, \u00e9s \u00d6n ezt saj\u00e1t felel\u0151ss\u00e9g\u00e9re teszi.<\/p>\n<p><strong>PANASZ\u00dcGYEK \/ ADATV\u00c9DELMI TISZTVISEL\u0150:<\/strong><br \/>Ha b\u00e1rmilyen k\u00e9rd\u00e9se vagy agg\u00e1lya van a n\u00e1lunk rendelkez\u00e9sre \u00e1ll\u00f3 adatainak kezel\u00e9s\u00e9vel kapcsolatban, akkor a panaszkezel\u0151nknek k\u00fcldhet e-mailt az EOD-CONTROLL Kft. c\u00edm\u00e9re: EOD-CONTROLL Kft. 1031 Budapest, N\u00e1n\u00e1si \u00fat 5-7, e-mail: iroda@eod.hu. Agg\u00e1lyait az alkalmazand\u00f3 jogszab\u00e1lyoknak megfelel\u0151en fogjuk kezelni.<\/p>\n<p>[\/et_pb_text][\/et_pb_column][\/et_pb_row][\/et_pb_section]<\/p>\n","protected":false},"excerpt":{"rendered":"<p>Adatkezel\u00e9si Szab\u00e1lyzatHat\u00e1lybal\u00e9p\u00e9s d\u00e1tuma: 2023.12.01.Legut\u00f3bb friss\u00edtve: 2023.12.01.A jelen adatv\u00e9delmi szab\u00e1lyzat az EOD-CONTROLL Kft., 1031 Budapest, N\u00e1n\u00e1si \u00fat 5-7, Budapest 1031, Magyarorsz\u00e1g, e-mail: aimarketeurope@gmail.com, telefon: +36 20 936 1424 az \u00d6n weboldalunk ( https:\/\/eod-controll.hu ) haszn\u00e1lata sor\u00e1n gy\u0171jt\u00f6tt adatainak gy\u0171jt\u00e9s\u00e9re, felhaszn\u00e1l\u00e1s\u00e1ra \u00e9s k\u00f6zz\u00e9t\u00e9tel\u00e9re vonatkoz\u00f3an. (a &#8222;Szolg\u00e1ltat\u00e1s&#8221;). A Szolg\u00e1ltat\u00e1shoz val\u00f3 hozz\u00e1f\u00e9r\u00e9ssel vagy annak haszn\u00e1lat\u00e1val \u00d6n beleegyez\u00e9s\u00e9t adja az [&hellip;]<\/p>\n","protected":false},"author":3,"featured_media":0,"parent":0,"menu_order":0,"comment_status":"closed","ping_status":"closed","template":"","meta":{"_et_pb_use_builder":"on","_et_pb_old_content":"","_et_gb_content_width":"","footnotes":""},"class_list":["post-841","page","type-page","status-publish","hentry"],"_links":{"self":[{"href":"https:\/\/eod-controll.hu\/en\/wp-json\/wp\/v2\/pages\/841","targetHints":{"allow":["GET"]}}],"collection":[{"href":"https:\/\/eod-controll.hu\/en\/wp-json\/wp\/v2\/pages"}],"about":[{"href":"https:\/\/eod-controll.hu\/en\/wp-json\/wp\/v2\/types\/page"}],"author":[{"embeddable":true,"href":"https:\/\/eod-controll.hu\/en\/wp-json\/wp\/v2\/users\/3"}],"replies":[{"embeddable":true,"href":"https:\/\/eod-controll.hu\/en\/wp-json\/wp\/v2\/comments?post=841"}],"version-history":[{"count":3,"href":"https:\/\/eod-controll.hu\/en\/wp-json\/wp\/v2\/pages\/841\/revisions"}],"predecessor-version":[{"id":845,"href":"https:\/\/eod-controll.hu\/en\/wp-json\/wp\/v2\/pages\/841\/revisions\/845"}],"wp:attachment":[{"href":"https:\/\/eod-controll.hu\/en\/wp-json\/wp\/v2\/media?parent=841"}],"curies":[{"name":"wp","href":"https:\/\/api.w.org\/{rel}","templated":true}]}}