{"id":864,"date":"2023-12-01T11:08:02","date_gmt":"2023-12-01T11:08:02","guid":{"rendered":"https:\/\/eod-controll.hu\/?page_id=864"},"modified":"2023-12-06T07:07:21","modified_gmt":"2023-12-06T07:07:21","slug":"ertekeles","status":"publish","type":"page","link":"https:\/\/eod-controll.hu\/en\/ertekeles\/","title":{"rendered":"Rating"},"content":{"rendered":"<p>[et_pb_section fb_built=&#8221;1&#8243; next_background_color=&#8221;#ffffff&#8221; _builder_version=&#8221;4.23.1&#8243; _module_preset=&#8221;default&#8221; background_color=&#8221;#3f3f3f&#8221; background_image=&#8221;https:\/\/eod-controll.hu\/wp-content\/uploads\/2023\/12\/felme\u0301re\u0301s-ele\u0301gedettse\u0301g.jpg&#8221; background_blend=&#8221;overlay&#8221; background_enable_video_mp4=&#8221;off&#8221; custom_padding=&#8221;140px||101px|||&#8221; bottom_divider_style=&#8221;asymmetric3&#8243; bottom_divider_height=&#8221;60px&#8221; animation_style=&#8221;fade&#8221; global_colors_info=&#8221;{}&#8221;][et_pb_row _builder_version=&#8221;4.23.1&#8243; _module_preset=&#8221;default&#8221; global_colors_info=&#8221;{}&#8221;][et_pb_column type=&#8221;4_4&#8243; _builder_version=&#8221;4.23.1&#8243; _module_preset=&#8221;default&#8221; global_colors_info=&#8221;{}&#8221;][et_pb_text _builder_version=&#8221;4.23.1&#8243; _module_preset=&#8221;default&#8221; text_font=&#8221;||||on||||solid&#8221; text_text_color=&#8221;#e4c142&#8243; text_font_size=&#8221;16px&#8221; text_letter_spacing=&#8221;2px&#8221; text_line_height=&#8221;1.8em&#8221; header_3_font=&#8221;|800|||||||&#8221; header_3_text_color=&#8221;#FFFFFF&#8221; header_3_font_size=&#8221;40px&#8221; header_3_line_height=&#8221;1.3em&#8221; header_3_font_size_tablet=&#8221;40px&#8221; header_3_font_size_phone=&#8221;20px&#8221; header_3_font_size_last_edited=&#8221;on|phone&#8221; border_color_bottom=&#8221;#f0c232&#8243; global_colors_info=&#8221;{}&#8221;]<\/p>\n<h3 style=\"text-align: center;\">VEV\u0150I EL\u00c9GEDETTS\u00c9G<br \/>FELM\u00c9R\u0150 K\u00c9RD\u0150\u00cdV<\/h3>\n<p>[\/et_pb_text][\/et_pb_column][\/et_pb_row][\/et_pb_section][et_pb_section fb_built=&#8221;1&#8243; _builder_version=&#8221;4.23.1&#8243; _module_preset=&#8221;default&#8221; custom_padding=&#8221;5px|||||&#8221; global_colors_info=&#8221;{}&#8221;][et_pb_row _builder_version=&#8221;4.23.1&#8243; _module_preset=&#8221;default&#8221; module_alignment=&#8221;center&#8221; global_colors_info=&#8221;{}&#8221;][et_pb_column type=&#8221;4_4&#8243; _builder_version=&#8221;4.23.1&#8243; _module_preset=&#8221;default&#8221; global_colors_info=&#8221;{}&#8221;][et_pb_text _builder_version=&#8221;4.23.1&#8243; _module_preset=&#8221;default&#8221; text_font=&#8221;||||||||&#8221; text_font_size=&#8221;16px&#8221; text_letter_spacing=&#8221;2px&#8221; text_line_height=&#8221;1.8em&#8221; animation_style=&#8221;slide&#8221; global_colors_info=&#8221;{}&#8221;]<\/p>\n<p style=\"text-align: center;\">K\u00e9rj\u00fck, hogy seg\u00edtse a munk\u00e1nkat azzal, hogy kit\u00f6lti az al\u00e1bbi \u0171rlapot, amiben k\u00e9pet kapunk a szolg\u00e1ltat\u00e1sainkr\u00f3l az \u00dcgyfeleink szem\u00e9vel. Ezzel is hozz\u00e1j\u00e1rul, hogy a j\u00f6v\u0151ben tov\u00e1bb fejleszthess\u00fck a szolg\u00e1ltat\u00e1saink sz\u00ednvonal\u00e1t \u00e9s m\u00e9g jobban \u00dcgyfeleinkre szabhassuk azokat.<\/p>\n<p>[\/et_pb_text][et_pb_contact_form use_spam_service=&#8221;on&#8221; recaptcha_list=&#8221;Alap|Alap-0&#8243; email=&#8221;smartwebworkshu@gmail.com&#8221; success_message=&#8221;K\u00f6sz\u00f6nj\u00fck, hogy v\u00e1laszaival seg\u00edti a fejl\u0151d\u00e9s\u00fcnket!&#8221; submit_button_text=&#8221;K\u00dcLD\u00c9S&#8221; _builder_version=&#8221;4.23.1&#8243; _module_preset=&#8221;default&#8221; _unique_id=&#8221;c4f1241d-d24f-465e-b7d1-3f5d5dc469c1&#8243; form_field_background_color=&#8221;#FFFFFF&#8221; form_field_text_color=&#8221;#000000&#8243; custom_button=&#8221;on&#8221; button_text_size=&#8221;14px&#8221; button_text_color=&#8221;#000000&#8243; button_bg_color=&#8221;#f4d534&#8243; button_border_color=&#8221;#f4d534&#8243; button_font=&#8221;Arial|700|||||||&#8221; button_icon=&#8221;&#x24;||divi||400&#8243; animation_style=&#8221;slide&#8221; hover_enabled=&#8221;0&#8243; border_width_all=&#8221;2px&#8221; border_color_all=&#8221;#f4d534&#8243; global_colors_info=&#8221;{}&#8221; sticky_enabled=&#8221;0&#8243;][et_pb_contact_field field_id=&#8221;Cegnev&#8221; field_title=&#8221;C\u00e9gn\u00e9v&#8221; _builder_version=&#8221;4.23.1&#8243; global_colors_info=&#8221;{}&#8221; button_text_size__hover_enabled=&#8221;off&#8221; button_one_text_size__hover_enabled=&#8221;off&#8221; button_two_text_size__hover_enabled=&#8221;off&#8221; button_text_color__hover_enabled=&#8221;off&#8221; button_one_text_color__hover_enabled=&#8221;off&#8221; button_two_text_color__hover_enabled=&#8221;off&#8221; button_border_width__hover_enabled=&#8221;off&#8221; button_one_border_width__hover_enabled=&#8221;off&#8221; button_two_border_width__hover_enabled=&#8221;off&#8221; button_border_color__hover_enabled=&#8221;off&#8221; button_one_border_color__hover_enabled=&#8221;off&#8221; button_two_border_color__hover_enabled=&#8221;off&#8221; button_border_radius__hover_enabled=&#8221;off&#8221; button_one_border_radius__hover_enabled=&#8221;off&#8221; button_two_border_radius__hover_enabled=&#8221;off&#8221; button_letter_spacing__hover_enabled=&#8221;off&#8221; button_one_letter_spacing__hover_enabled=&#8221;off&#8221; button_two_letter_spacing__hover_enabled=&#8221;off&#8221; button_bg_color__hover_enabled=&#8221;off&#8221; button_one_bg_color__hover_enabled=&#8221;off&#8221; button_two_bg_color__hover_enabled=&#8221;off&#8221;][\/et_pb_contact_field][et_pb_contact_field field_id=&#8221;Nev&#8221; field_title=&#8221;N\u00e9v&#8221; _builder_version=&#8221;4.23.1&#8243; global_colors_info=&#8221;{}&#8221; button_text_size__hover_enabled=&#8221;off&#8221; button_one_text_size__hover_enabled=&#8221;off&#8221; button_two_text_size__hover_enabled=&#8221;off&#8221; button_text_color__hover_enabled=&#8221;off&#8221; button_one_text_color__hover_enabled=&#8221;off&#8221; button_two_text_color__hover_enabled=&#8221;off&#8221; button_border_width__hover_enabled=&#8221;off&#8221; button_one_border_width__hover_enabled=&#8221;off&#8221; button_two_border_width__hover_enabled=&#8221;off&#8221; button_border_color__hover_enabled=&#8221;off&#8221; button_one_border_color__hover_enabled=&#8221;off&#8221; button_two_border_color__hover_enabled=&#8221;off&#8221; button_border_radius__hover_enabled=&#8221;off&#8221; button_one_border_radius__hover_enabled=&#8221;off&#8221; button_two_border_radius__hover_enabled=&#8221;off&#8221; button_letter_spacing__hover_enabled=&#8221;off&#8221; button_one_letter_spacing__hover_enabled=&#8221;off&#8221; button_two_letter_spacing__hover_enabled=&#8221;off&#8221; button_bg_color__hover_enabled=&#8221;off&#8221; button_one_bg_color__hover_enabled=&#8221;off&#8221; button_two_bg_color__hover_enabled=&#8221;off&#8221;][\/et_pb_contact_field][et_pb_contact_field field_id=&#8221;El\u00e9gedetts\u00e9g-_Min\u0151s\u00e9g&#8221; field_title=&#8221;Mennyire el\u00e9gedett \u00d6n a szolg\u00e1ltat\u00e1sunk (az elv\u00e9gzett munka) min\u0151s\u00e9g\u00e9vel?&#8221; field_type=&#8221;select&#8221; select_options=&#8221;%91{%22value%22:%22El\u00e9gedett vagyok%22,%22checked%22:0,%22dragID%22:-1},{%22value%22:%22Megvagyok el\u00e9gedve, de&#8230;%22,%22checked%22:0,%22dragID%22:0},{%22dragID%22:1,%22value%22:%22R\u00e9szben vagyok megel\u00e9gedve, mert&#8230;%22,%22checked%22:0},{%22value%22:%22Nem vagyok megel\u00e9gedve, mert&#8230;%22,%22checked%22:0,%22dragID%22:2}%93&#8243; _builder_version=&#8221;4.23.1&#8243; global_colors_info=&#8221;{}&#8221; button_text_size__hover_enabled=&#8221;off&#8221; button_one_text_size__hover_enabled=&#8221;off&#8221; button_two_text_size__hover_enabled=&#8221;off&#8221; button_text_color__hover_enabled=&#8221;off&#8221; button_one_text_color__hover_enabled=&#8221;off&#8221; button_two_text_color__hover_enabled=&#8221;off&#8221; button_border_width__hover_enabled=&#8221;off&#8221; button_one_border_width__hover_enabled=&#8221;off&#8221; button_two_border_width__hover_enabled=&#8221;off&#8221; button_border_color__hover_enabled=&#8221;off&#8221; button_one_border_color__hover_enabled=&#8221;off&#8221; button_two_border_color__hover_enabled=&#8221;off&#8221; button_border_radius__hover_enabled=&#8221;off&#8221; button_one_border_radius__hover_enabled=&#8221;off&#8221; button_two_border_radius__hover_enabled=&#8221;off&#8221; button_letter_spacing__hover_enabled=&#8221;off&#8221; button_one_letter_spacing__hover_enabled=&#8221;off&#8221; button_two_letter_spacing__hover_enabled=&#8221;off&#8221; button_bg_color__hover_enabled=&#8221;off&#8221; button_one_bg_color__hover_enabled=&#8221;off&#8221; button_two_bg_color__hover_enabled=&#8221;off&#8221;][\/et_pb_contact_field][et_pb_contact_field field_id=&#8221;El\u00e9gedetts\u00e9g-Min\u0151s\u00e9g-b\u0151vebben&#8221; field_title=&#8221;K\u00e9rem fejtse ki b\u0151vebben mennyire el\u00e9gedett a min\u0151s\u00e9ggel!&#8221; field_type=&#8221;text&#8221; fullwidth_field=&#8221;on&#8221; _builder_version=&#8221;4.23.1&#8243; _module_preset=&#8221;default&#8221; global_colors_info=&#8221;{}&#8221;][\/et_pb_contact_field][et_pb_contact_field field_id=&#8221;El\u00e9gedetts\u00e9g-Hart\u00e1rid\u0151k&#8221; field_title=&#8221;Mennyire el\u00e9gedett \u00d6n a v\u00e1llalt teljes\u00edt\u00e9si hat\u00e1rid\u0151k betart\u00e1s\u00e1val?&#8221; field_type=&#8221;select&#8221; select_options=&#8221;%91{%22value%22:%22El\u00e9gedett vagyok%22,%22checked%22:0,%22dragID%22:-1},{%22value%22:%22Megvagyok el\u00e9gedve, de&#8230;%22,%22checked%22:0,%22dragID%22:0},{%22dragID%22:1,%22value%22:%22R\u00e9szben vagyok megel\u00e9gedve, mert&#8230;%22,%22checked%22:0},{%22value%22:%22Nem vagyok megel\u00e9gedve, mert&#8230;%22,%22checked%22:0,%22dragID%22:2}%93&#8243; _builder_version=&#8221;4.23.1&#8243; global_colors_info=&#8221;{}&#8221; button_text_size__hover_enabled=&#8221;off&#8221; button_one_text_size__hover_enabled=&#8221;off&#8221; button_two_text_size__hover_enabled=&#8221;off&#8221; button_text_color__hover_enabled=&#8221;off&#8221; button_one_text_color__hover_enabled=&#8221;off&#8221; button_two_text_color__hover_enabled=&#8221;off&#8221; button_border_width__hover_enabled=&#8221;off&#8221; button_one_border_width__hover_enabled=&#8221;off&#8221; button_two_border_width__hover_enabled=&#8221;off&#8221; button_border_color__hover_enabled=&#8221;off&#8221; button_one_border_color__hover_enabled=&#8221;off&#8221; button_two_border_color__hover_enabled=&#8221;off&#8221; button_border_radius__hover_enabled=&#8221;off&#8221; button_one_border_radius__hover_enabled=&#8221;off&#8221; button_two_border_radius__hover_enabled=&#8221;off&#8221; button_letter_spacing__hover_enabled=&#8221;off&#8221; button_one_letter_spacing__hover_enabled=&#8221;off&#8221; button_two_letter_spacing__hover_enabled=&#8221;off&#8221; button_bg_color__hover_enabled=&#8221;off&#8221; button_one_bg_color__hover_enabled=&#8221;off&#8221; button_two_bg_color__hover_enabled=&#8221;off&#8221;][\/et_pb_contact_field][et_pb_contact_field field_id=&#8221;El\u00e9gedetts\u00e9g-Hat\u00e1rid\u0151k-b\u0151vebben&#8221; field_title=&#8221;K\u00e9rem fejtse ki b\u0151vebben mennyire el\u00e9gedett a hat\u00e1rid\u0151kkel?&#8221; field_type=&#8221;text&#8221; fullwidth_field=&#8221;on&#8221; _builder_version=&#8221;4.23.1&#8243; _module_preset=&#8221;default&#8221; global_colors_info=&#8221;{}&#8221;][\/et_pb_contact_field][et_pb_contact_field field_id=&#8221;El\u00e9gedetts\u00e9g-egy\u00e9b-ig\u00e9nyek-teljes\u00edt\u00e9se&#8221; field_title=&#8221;Mennyire el\u00e9gedett a munk\u00e1k sor\u00e1n felmer\u00fclt egy\u00e9b ig\u00e9nyek teljes\u00edt\u00e9s\u00e9vel?&#8221; field_type=&#8221;select&#8221; select_options=&#8221;%91{%22value%22:%22El\u00e9gedett vagyok%22,%22checked%22:0,%22dragID%22:-1},{%22value%22:%22Megvagyok el\u00e9gedve, de&#8230;%22,%22checked%22:0,%22dragID%22:0},{%22dragID%22:1,%22value%22:%22R\u00e9szben vagyok megel\u00e9gedve, mert&#8230;%22,%22checked%22:0},{%22value%22:%22Nem vagyok megel\u00e9gedve, mert&#8230;%22,%22checked%22:0,%22dragID%22:2}%93&#8243; _builder_version=&#8221;4.23.1&#8243; global_colors_info=&#8221;{}&#8221; button_text_size__hover_enabled=&#8221;off&#8221; button_one_text_size__hover_enabled=&#8221;off&#8221; button_two_text_size__hover_enabled=&#8221;off&#8221; button_text_color__hover_enabled=&#8221;off&#8221; button_one_text_color__hover_enabled=&#8221;off&#8221; button_two_text_color__hover_enabled=&#8221;off&#8221; button_border_width__hover_enabled=&#8221;off&#8221; button_one_border_width__hover_enabled=&#8221;off&#8221; button_two_border_width__hover_enabled=&#8221;off&#8221; button_border_color__hover_enabled=&#8221;off&#8221; button_one_border_color__hover_enabled=&#8221;off&#8221; button_two_border_color__hover_enabled=&#8221;off&#8221; button_border_radius__hover_enabled=&#8221;off&#8221; button_one_border_radius__hover_enabled=&#8221;off&#8221; button_two_border_radius__hover_enabled=&#8221;off&#8221; button_letter_spacing__hover_enabled=&#8221;off&#8221; button_one_letter_spacing__hover_enabled=&#8221;off&#8221; button_two_letter_spacing__hover_enabled=&#8221;off&#8221; button_bg_color__hover_enabled=&#8221;off&#8221; button_one_bg_color__hover_enabled=&#8221;off&#8221; button_two_bg_color__hover_enabled=&#8221;off&#8221;][\/et_pb_contact_field][et_pb_contact_field field_id=&#8221;El\u00e9gedetts\u00e9g-egy\u00e9b_ig\u00e9nyek-teljes\u00edt\u00e9se-b\u0151vebben&#8221; field_title=&#8221;K\u00e9rem fejtse ki b\u0151vebben mennyire el\u00e9gedett az egy\u00e9b ig\u00e9nyek teljes\u00edt\u00e9s\u00e9vel?&#8221; field_type=&#8221;text&#8221; fullwidth_field=&#8221;on&#8221; _builder_version=&#8221;4.23.1&#8243; _module_preset=&#8221;default&#8221; global_colors_info=&#8221;{}&#8221;][\/et_pb_contact_field][et_pb_contact_field field_id=&#8221;El\u00e9gedetts\u00e9g-dokumentumok&#8221; field_title=&#8221;Mennyire el\u00e9gedett a t\u00e1rsas\u00e1gunk \u00e1ltal k\u00e9sz\u00edtett \u00e9s \u00e1ltal \u00e1tadott dokumentumokkal?&#8221; field_type=&#8221;select&#8221; select_options=&#8221;%91{%22value%22:%22El\u00e9gedett vagyok%22,%22checked%22:0,%22dragID%22:-1},{%22value%22:%22Megvagyok el\u00e9gedve, de&#8230;%22,%22checked%22:0,%22dragID%22:0},{%22dragID%22:1,%22value%22:%22R\u00e9szben vagyok megel\u00e9gedve, mert&#8230;%22,%22checked%22:0},{%22value%22:%22Nem vagyok megel\u00e9gedve, mert&#8230;%22,%22checked%22:0,%22dragID%22:2}%93&#8243; _builder_version=&#8221;4.23.1&#8243; global_colors_info=&#8221;{}&#8221; button_text_size__hover_enabled=&#8221;off&#8221; button_one_text_size__hover_enabled=&#8221;off&#8221; button_two_text_size__hover_enabled=&#8221;off&#8221; button_text_color__hover_enabled=&#8221;off&#8221; button_one_text_color__hover_enabled=&#8221;off&#8221; button_two_text_color__hover_enabled=&#8221;off&#8221; button_border_width__hover_enabled=&#8221;off&#8221; button_one_border_width__hover_enabled=&#8221;off&#8221; button_two_border_width__hover_enabled=&#8221;off&#8221; button_border_color__hover_enabled=&#8221;off&#8221; button_one_border_color__hover_enabled=&#8221;off&#8221; button_two_border_color__hover_enabled=&#8221;off&#8221; button_border_radius__hover_enabled=&#8221;off&#8221; button_one_border_radius__hover_enabled=&#8221;off&#8221; button_two_border_radius__hover_enabled=&#8221;off&#8221; button_letter_spacing__hover_enabled=&#8221;off&#8221; button_one_letter_spacing__hover_enabled=&#8221;off&#8221; button_two_letter_spacing__hover_enabled=&#8221;off&#8221; button_bg_color__hover_enabled=&#8221;off&#8221; button_one_bg_color__hover_enabled=&#8221;off&#8221; button_two_bg_color__hover_enabled=&#8221;off&#8221;][\/et_pb_contact_field][et_pb_contact_field field_id=&#8221;El\u00e9gedetts\u00e9g-egy\u00e9b_dokumentumok-b\u0151vebben&#8221; field_title=&#8221;K\u00e9rem fejtse ki b\u0151vebben mennyire el\u00e9gedett a dokumentument\u00e1ci\u00f3kkal?&#8221; field_type=&#8221;text&#8221; fullwidth_field=&#8221;on&#8221; _builder_version=&#8221;4.23.1&#8243; _module_preset=&#8221;default&#8221; global_colors_info=&#8221;{}&#8221;][\/et_pb_contact_field][et_pb_contact_field field_id=&#8221;El\u00e9gedetts\u00e9g-kommunik\u00e1ci\u00f3&#8221; field_title=&#8221;Mennyire el\u00e9gedett a c\u00e9geink k\u00f6zti kommunik\u00e1ci\u00f3val?&#8221; field_type=&#8221;select&#8221; select_options=&#8221;%91{%22value%22:%22El\u00e9gedett vagyok%22,%22checked%22:0,%22dragID%22:-1},{%22value%22:%22Megvagyok el\u00e9gedve, de&#8230;%22,%22checked%22:0,%22dragID%22:0},{%22dragID%22:1,%22value%22:%22R\u00e9szben vagyok megel\u00e9gedve, mert&#8230;%22,%22checked%22:0},{%22value%22:%22Nem vagyok megel\u00e9gedve, mert&#8230;%22,%22checked%22:0,%22dragID%22:2}%93&#8243; _builder_version=&#8221;4.23.1&#8243; global_colors_info=&#8221;{}&#8221; button_text_size__hover_enabled=&#8221;off&#8221; button_one_text_size__hover_enabled=&#8221;off&#8221; button_two_text_size__hover_enabled=&#8221;off&#8221; button_text_color__hover_enabled=&#8221;off&#8221; button_one_text_color__hover_enabled=&#8221;off&#8221; button_two_text_color__hover_enabled=&#8221;off&#8221; button_border_width__hover_enabled=&#8221;off&#8221; button_one_border_width__hover_enabled=&#8221;off&#8221; button_two_border_width__hover_enabled=&#8221;off&#8221; button_border_color__hover_enabled=&#8221;off&#8221; button_one_border_color__hover_enabled=&#8221;off&#8221; button_two_border_color__hover_enabled=&#8221;off&#8221; button_border_radius__hover_enabled=&#8221;off&#8221; button_one_border_radius__hover_enabled=&#8221;off&#8221; button_two_border_radius__hover_enabled=&#8221;off&#8221; button_letter_spacing__hover_enabled=&#8221;off&#8221; button_one_letter_spacing__hover_enabled=&#8221;off&#8221; button_two_letter_spacing__hover_enabled=&#8221;off&#8221; button_bg_color__hover_enabled=&#8221;off&#8221; button_one_bg_color__hover_enabled=&#8221;off&#8221; button_two_bg_color__hover_enabled=&#8221;off&#8221;][\/et_pb_contact_field][et_pb_contact_field field_id=&#8221;El\u00e9gedetts\u00e9g-kommunik\u00e1ci\u00f3-b\u0151vebben&#8221; field_title=&#8221;K\u00e9rem fejtse ki b\u0151vebben mennyire el\u00e9gedett a kommunik\u00e1ci\u00f3nkkal?&#8221; field_type=&#8221;text&#8221; fullwidth_field=&#8221;on&#8221; _builder_version=&#8221;4.23.1&#8243; _module_preset=&#8221;default&#8221; global_colors_info=&#8221;{}&#8221;][\/et_pb_contact_field][et_pb_contact_field field_id=&#8221;K\u00e9rj\u00fck,_adja_meg_milyen_tev\u00e9kenys\u00e9gekkel_tudn\u00e1nk_az_\u00d6n_ig\u00e9nyeit_jobban_teljes\u00edteni?&#8221; field_title=&#8221;K\u00e9rj\u00fck, adja meg milyen tev\u00e9kenys\u00e9gekkel tudn\u00e1nk az \u00d6n ig\u00e9nyeit jobban teljes\u00edteni?&#8221; field_type=&#8221;text&#8221; fullwidth_field=&#8221;on&#8221; _builder_version=&#8221;4.23.1&#8243; _module_preset=&#8221;default&#8221; global_colors_info=&#8221;{}&#8221;][\/et_pb_contact_field][et_pb_contact_field field_id=&#8221;Adatkezeles&#8221; field_title=&#8221;Adatv\u00e9delmi Szab\u00e1lyzat&#8221; field_type=&#8221;checkbox&#8221; checkbox_options=&#8221;%91{%22value%22:%22Elfogadom az Adatv\u00e9delmi Szab\u00e1lyzatot!%22,%22checked%22:0,%22dragID%22:-1,%22link_url%22:%22https:\/\/eod-controll.hu\/adatkezeles%22}%93&#8243; _builder_version=&#8221;4.23.1&#8243; global_colors_info=&#8221;{}&#8221; button_text_size__hover_enabled=&#8221;off&#8221; button_one_text_size__hover_enabled=&#8221;off&#8221; button_two_text_size__hover_enabled=&#8221;off&#8221; button_text_color__hover_enabled=&#8221;off&#8221; button_one_text_color__hover_enabled=&#8221;off&#8221; button_two_text_color__hover_enabled=&#8221;off&#8221; button_border_width__hover_enabled=&#8221;off&#8221; button_one_border_width__hover_enabled=&#8221;off&#8221; button_two_border_width__hover_enabled=&#8221;off&#8221; button_border_color__hover_enabled=&#8221;off&#8221; button_one_border_color__hover_enabled=&#8221;off&#8221; button_two_border_color__hover_enabled=&#8221;off&#8221; button_border_radius__hover_enabled=&#8221;off&#8221; button_one_border_radius__hover_enabled=&#8221;off&#8221; button_two_border_radius__hover_enabled=&#8221;off&#8221; button_letter_spacing__hover_enabled=&#8221;off&#8221; button_one_letter_spacing__hover_enabled=&#8221;off&#8221; button_two_letter_spacing__hover_enabled=&#8221;off&#8221; button_bg_color__hover_enabled=&#8221;off&#8221; button_one_bg_color__hover_enabled=&#8221;off&#8221; button_two_bg_color__hover_enabled=&#8221;off&#8221;][\/et_pb_contact_field][\/et_pb_contact_form][\/et_pb_column][\/et_pb_row][\/et_pb_section]<\/p>\n","protected":false},"excerpt":{"rendered":"<p>Vev\u0151i el\u00e9gedetts\u00e9get felm\u00e9r\u0151 k\u00e9rd\u0151\u00edv<\/p>","protected":false},"author":3,"featured_media":0,"parent":0,"menu_order":0,"comment_status":"closed","ping_status":"closed","template":"","meta":{"_et_pb_use_builder":"on","_et_pb_old_content":"","_et_gb_content_width":"","footnotes":""},"class_list":["post-864","page","type-page","status-publish","hentry"],"_links":{"self":[{"href":"https:\/\/eod-controll.hu\/en\/wp-json\/wp\/v2\/pages\/864","targetHints":{"allow":["GET"]}}],"collection":[{"href":"https:\/\/eod-controll.hu\/en\/wp-json\/wp\/v2\/pages"}],"about":[{"href":"https:\/\/eod-controll.hu\/en\/wp-json\/wp\/v2\/types\/page"}],"author":[{"embeddable":true,"href":"https:\/\/eod-controll.hu\/en\/wp-json\/wp\/v2\/users\/3"}],"replies":[{"embeddable":true,"href":"https:\/\/eod-controll.hu\/en\/wp-json\/wp\/v2\/comments?post=864"}],"version-history":[{"count":11,"href":"https:\/\/eod-controll.hu\/en\/wp-json\/wp\/v2\/pages\/864\/revisions"}],"predecessor-version":[{"id":924,"href":"https:\/\/eod-controll.hu\/en\/wp-json\/wp\/v2\/pages\/864\/revisions\/924"}],"wp:attachment":[{"href":"https:\/\/eod-controll.hu\/en\/wp-json\/wp\/v2\/media?parent=864"}],"curies":[{"name":"wp","href":"https:\/\/api.w.org\/{rel}","templated":true}]}}